{"id":1553,"date":"2023-10-06T18:55:05","date_gmt":"2023-10-06T16:55:05","guid":{"rendered":"https:\/\/www.babel200.es\/world-of-trujiman\/"},"modified":"2023-10-06T23:15:20","modified_gmt":"2023-10-06T21:15:20","slug":"world-of-trujiman","status":"publish","type":"page","link":"https:\/\/www.babel2000.es\/en\/world-of-trujiman\/","title":{"rendered":"World of Trujiman"},"content":{"rendered":"\t\t<div data-elementor-type=\"wp-page\" data-elementor-id=\"1553\" class=\"elementor elementor-1553 elementor-931\" data-elementor-post-type=\"page\">\n\t\t\t\t<div class=\"elementor-element elementor-element-666c28fc e-con-full e-flex e-con e-parent\" data-id=\"666c28fc\" data-element_type=\"container\" data-settings=\"{&quot;background_background&quot;:&quot;classic&quot;}\">\n\t\t<div class=\"elementor-element elementor-element-7b1ac765 e-flex e-con-boxed e-con e-child\" data-id=\"7b1ac765\" data-element_type=\"container\" data-settings=\"{&quot;background_background&quot;:&quot;classic&quot;}\">\n\t\t\t\t\t<div class=\"e-con-inner\">\n\t\t\t\t<div class=\"elementor-element elementor-element-60177e59 elementor-widget elementor-widget-heading\" data-id=\"60177e59\" data-element_type=\"widget\" data-widget_type=\"heading.default\">\n\t\t\t\t<div class=\"elementor-widget-container\">\n\t\t\t\t\t<h1 class=\"elementor-heading-title elementor-size-default\">World of Trujiman<\/h1>\t\t\t\t<\/div>\n\t\t\t\t<\/div>\n\t\t\t\t<div class=\"elementor-element elementor-element-3fdffb4a elementor-widget__width-inherit elementor-widget elementor-widget-text-editor\" data-id=\"3fdffb4a\" data-element_type=\"widget\" data-widget_type=\"text-editor.default\">\n\t\t\t\t<div class=\"elementor-widget-container\">\n\t\t\t\t\t\t\t\t\t<p style=\"text-align: center;\">&#8220;Trujiman,&#8221; derived from the Arabic &#8220;turgum\u00e1n,&#8221; signifies a translator or interpreter. Although it has variations like &#8220;dragom\u00e1n&#8221; or &#8220;drogm\u00e1n&#8221;, its oldest root is Aramaic. Today, it refers to the profession of an interpreter.<\/p>\n\t\t\t\t\t\t\t\t<\/div>\n\t\t\t\t<\/div>\n\t\t\t\t\t<\/div>\n\t\t\t\t<\/div>\n\t\t\t\t<\/div>\n\t\t<div class=\"elementor-element elementor-element-26cdf69b e-flex e-con-boxed e-con e-parent\" data-id=\"26cdf69b\" data-element_type=\"container\">\n\t\t\t\t\t<div class=\"e-con-inner\">\n\t\t\t\t\t<\/div>\n\t\t\t\t<\/div>\n\t\t\t\t<\/div>\n\t\t","protected":false},"excerpt":{"rendered":"<p>World of Trujiman &#8220;Trujiman,&#8221; derived from the Arabic &#8220;turgum\u00e1n,&#8221; signifies a translator or interpreter. Although it has variations like &#8220;dragom\u00e1n&#8221; or &#8220;drogm\u00e1n&#8221;, its oldest root is Aramaic. Today, it refers to the profession of an interpreter.<\/p>\n","protected":false},"author":1,"featured_media":993,"parent":0,"menu_order":40,"comment_status":"closed","ping_status":"closed","template":"","meta":{"site-sidebar-layout":"no-sidebar","site-content-layout":"page-builder","ast-site-content-layout":"","site-content-style":"default","site-sidebar-style":"default","ast-global-header-display":"","ast-banner-title-visibility":"","ast-main-header-display":"","ast-hfb-above-header-display":"","ast-hfb-below-header-display":"","ast-hfb-mobile-header-display":"","site-post-title":"","ast-breadcrumbs-content":"","ast-featured-img":"disabled","footer-sml-layout":"","theme-transparent-header-meta":"","adv-header-id-meta":"","stick-header-meta":"","header-above-stick-meta":"","header-main-stick-meta":"","header-below-stick-meta":"","astra-migrate-meta-layouts":"default","ast-page-background-enabled":"default","ast-page-background-meta":{"desktop":{"background-color":"var(--ast-global-color-4)","background-image":"","background-repeat":"repeat","background-position":"center center","background-size":"auto","background-attachment":"scroll","background-type":"","background-media":"","overlay-type":"","overlay-color":"","overlay-opacity":"","overlay-gradient":""},"tablet":{"background-color":"","background-image":"","background-repeat":"repeat","background-position":"center center","background-size":"auto","background-attachment":"scroll","background-type":"","background-media":"","overlay-type":"","overlay-color":"","overlay-opacity":"","overlay-gradient":""},"mobile":{"background-color":"","background-image":"","background-repeat":"repeat","background-position":"center center","background-size":"auto","background-attachment":"scroll","background-type":"","background-media":"","overlay-type":"","overlay-color":"","overlay-opacity":"","overlay-gradient":""}},"ast-content-background-meta":{"desktop":{"background-color":"var(--ast-global-color-5)","background-image":"","background-repeat":"repeat","background-position":"center center","background-size":"auto","background-attachment":"scroll","background-type":"","background-media":"","overlay-type":"","overlay-color":"","overlay-opacity":"","overlay-gradient":""},"tablet":{"background-color":"var(--ast-global-color-5)","background-image":"","background-repeat":"repeat","background-position":"center center","background-size":"auto","background-attachment":"scroll","background-type":"","background-media":"","overlay-type":"","overlay-color":"","overlay-opacity":"","overlay-gradient":""},"mobile":{"background-color":"var(--ast-global-color-5)","background-image":"","background-repeat":"repeat","background-position":"center center","background-size":"auto","background-attachment":"scroll","background-type":"","background-media":"","overlay-type":"","overlay-color":"","overlay-opacity":"","overlay-gradient":""}},"footnotes":""},"class_list":["post-1553","page","type-page","status-publish","has-post-thumbnail","hentry"],"yoast_head":"<!-- This site is optimized with the Yoast SEO plugin v27.3 - https:\/\/yoast.com\/product\/yoast-seo-wordpress\/ -->\n<title>World of Trujiman - BABEL 2000 SA<\/title>\n<meta name=\"robots\" content=\"index, follow, max-snippet:-1, max-image-preview:large, max-video-preview:-1\" \/>\n<link rel=\"canonical\" href=\"https:\/\/www.babel2000.es\/en\/world-of-trujiman\/\" \/>\n<meta property=\"og:locale\" content=\"en_US\" \/>\n<meta property=\"og:type\" content=\"article\" \/>\n<meta property=\"og:title\" content=\"World of Trujiman - BABEL 2000 SA\" \/>\n<meta property=\"og:description\" content=\"World of Trujiman &#8220;Trujiman,&#8221; derived from the Arabic &#8220;turgum\u00e1n,&#8221; signifies a translator or interpreter. Although it has variations like &#8220;dragom\u00e1n&#8221; or &#8220;drogm\u00e1n&#8221;, its oldest root is Aramaic. Today, it refers to the profession of an interpreter.\" \/>\n<meta property=\"og:url\" content=\"https:\/\/www.babel2000.es\/en\/world-of-trujiman\/\" \/>\n<meta property=\"og:site_name\" content=\"BABEL 2000 SA\" \/>\n<meta property=\"article:modified_time\" content=\"2023-10-06T21:15:20+00:00\" \/>\n<meta property=\"og:image\" content=\"https:\/\/www.babel2000.es\/wp-content\/uploads\/2023\/09\/slider-3-.webp\" \/>\n\t<meta property=\"og:image:width\" content=\"530\" \/>\n\t<meta property=\"og:image:height\" content=\"496\" \/>\n\t<meta property=\"og:image:type\" content=\"image\/webp\" \/>\n<meta name=\"twitter:card\" content=\"summary_large_image\" \/>\n<script type=\"application\/ld+json\" class=\"yoast-schema-graph\">{\"@context\":\"https:\\\/\\\/schema.org\",\"@graph\":[{\"@type\":\"WebPage\",\"@id\":\"https:\\\/\\\/www.babel2000.es\\\/en\\\/world-of-trujiman\\\/\",\"url\":\"https:\\\/\\\/www.babel2000.es\\\/en\\\/world-of-trujiman\\\/\",\"name\":\"World of Trujiman - BABEL 2000 SA\",\"isPartOf\":{\"@id\":\"https:\\\/\\\/www.babel2000.es\\\/en\\\/#website\"},\"primaryImageOfPage\":{\"@id\":\"https:\\\/\\\/www.babel2000.es\\\/en\\\/world-of-trujiman\\\/#primaryimage\"},\"image\":{\"@id\":\"https:\\\/\\\/www.babel2000.es\\\/en\\\/world-of-trujiman\\\/#primaryimage\"},\"thumbnailUrl\":\"https:\\\/\\\/www.babel2000.es\\\/wp-content\\\/uploads\\\/2023\\\/09\\\/slider-3-.webp\",\"datePublished\":\"2023-10-06T16:55:05+00:00\",\"dateModified\":\"2023-10-06T21:15:20+00:00\",\"breadcrumb\":{\"@id\":\"https:\\\/\\\/www.babel2000.es\\\/en\\\/world-of-trujiman\\\/#breadcrumb\"},\"inLanguage\":\"en-US\",\"potentialAction\":[{\"@type\":\"ReadAction\",\"target\":[\"https:\\\/\\\/www.babel2000.es\\\/en\\\/world-of-trujiman\\\/\"]}]},{\"@type\":\"ImageObject\",\"inLanguage\":\"en-US\",\"@id\":\"https:\\\/\\\/www.babel2000.es\\\/en\\\/world-of-trujiman\\\/#primaryimage\",\"url\":\"https:\\\/\\\/www.babel2000.es\\\/wp-content\\\/uploads\\\/2023\\\/09\\\/slider-3-.webp\",\"contentUrl\":\"https:\\\/\\\/www.babel2000.es\\\/wp-content\\\/uploads\\\/2023\\\/09\\\/slider-3-.webp\",\"width\":530,\"height\":496},{\"@type\":\"BreadcrumbList\",\"@id\":\"https:\\\/\\\/www.babel2000.es\\\/en\\\/world-of-trujiman\\\/#breadcrumb\",\"itemListElement\":[{\"@type\":\"ListItem\",\"position\":1,\"name\":\"Portada\",\"item\":\"https:\\\/\\\/www.babel2000.es\\\/en\\\/home\\\/\"},{\"@type\":\"ListItem\",\"position\":2,\"name\":\"World of Trujiman\"}]},{\"@type\":\"WebSite\",\"@id\":\"https:\\\/\\\/www.babel2000.es\\\/en\\\/#website\",\"url\":\"https:\\\/\\\/www.babel2000.es\\\/en\\\/\",\"name\":\"Servicios de traduccion y interpretacion\",\"description\":\"\",\"publisher\":{\"@id\":\"https:\\\/\\\/www.babel2000.es\\\/en\\\/#organization\"},\"potentialAction\":[{\"@type\":\"SearchAction\",\"target\":{\"@type\":\"EntryPoint\",\"urlTemplate\":\"https:\\\/\\\/www.babel2000.es\\\/en\\\/?s={search_term_string}\"},\"query-input\":{\"@type\":\"PropertyValueSpecification\",\"valueRequired\":true,\"valueName\":\"search_term_string\"}}],\"inLanguage\":\"en-US\"},{\"@type\":\"Organization\",\"@id\":\"https:\\\/\\\/www.babel2000.es\\\/en\\\/#organization\",\"name\":\"Servicios de traduccion y interpretacion\",\"url\":\"https:\\\/\\\/www.babel2000.es\\\/en\\\/\",\"logo\":{\"@type\":\"ImageObject\",\"inLanguage\":\"en-US\",\"@id\":\"https:\\\/\\\/www.babel2000.es\\\/en\\\/#\\\/schema\\\/logo\\\/image\\\/\",\"url\":\"https:\\\/\\\/www.babel2000.es\\\/wp-content\\\/uploads\\\/2023\\\/09\\\/logo2.png\",\"contentUrl\":\"https:\\\/\\\/www.babel2000.es\\\/wp-content\\\/uploads\\\/2023\\\/09\\\/logo2.png\",\"width\":379,\"height\":100,\"caption\":\"Servicios de traduccion y interpretacion\"},\"image\":{\"@id\":\"https:\\\/\\\/www.babel2000.es\\\/en\\\/#\\\/schema\\\/logo\\\/image\\\/\"}}]}<\/script>\n<!-- \/ Yoast SEO plugin. -->","yoast_head_json":{"title":"World of Trujiman - BABEL 2000 SA","robots":{"index":"index","follow":"follow","max-snippet":"max-snippet:-1","max-image-preview":"max-image-preview:large","max-video-preview":"max-video-preview:-1"},"canonical":"https:\/\/www.babel2000.es\/en\/world-of-trujiman\/","og_locale":"en_US","og_type":"article","og_title":"World of Trujiman - BABEL 2000 SA","og_description":"World of Trujiman &#8220;Trujiman,&#8221; derived from the Arabic &#8220;turgum\u00e1n,&#8221; signifies a translator or interpreter. Although it has variations like &#8220;dragom\u00e1n&#8221; or &#8220;drogm\u00e1n&#8221;, its oldest root is Aramaic. Today, it refers to the profession of an interpreter.","og_url":"https:\/\/www.babel2000.es\/en\/world-of-trujiman\/","og_site_name":"BABEL 2000 SA","article_modified_time":"2023-10-06T21:15:20+00:00","og_image":[{"width":530,"height":496,"url":"https:\/\/www.babel2000.es\/wp-content\/uploads\/2023\/09\/slider-3-.webp","type":"image\/webp"}],"twitter_card":"summary_large_image","schema":{"@context":"https:\/\/schema.org","@graph":[{"@type":"WebPage","@id":"https:\/\/www.babel2000.es\/en\/world-of-trujiman\/","url":"https:\/\/www.babel2000.es\/en\/world-of-trujiman\/","name":"World of Trujiman - BABEL 2000 SA","isPartOf":{"@id":"https:\/\/www.babel2000.es\/en\/#website"},"primaryImageOfPage":{"@id":"https:\/\/www.babel2000.es\/en\/world-of-trujiman\/#primaryimage"},"image":{"@id":"https:\/\/www.babel2000.es\/en\/world-of-trujiman\/#primaryimage"},"thumbnailUrl":"https:\/\/www.babel2000.es\/wp-content\/uploads\/2023\/09\/slider-3-.webp","datePublished":"2023-10-06T16:55:05+00:00","dateModified":"2023-10-06T21:15:20+00:00","breadcrumb":{"@id":"https:\/\/www.babel2000.es\/en\/world-of-trujiman\/#breadcrumb"},"inLanguage":"en-US","potentialAction":[{"@type":"ReadAction","target":["https:\/\/www.babel2000.es\/en\/world-of-trujiman\/"]}]},{"@type":"ImageObject","inLanguage":"en-US","@id":"https:\/\/www.babel2000.es\/en\/world-of-trujiman\/#primaryimage","url":"https:\/\/www.babel2000.es\/wp-content\/uploads\/2023\/09\/slider-3-.webp","contentUrl":"https:\/\/www.babel2000.es\/wp-content\/uploads\/2023\/09\/slider-3-.webp","width":530,"height":496},{"@type":"BreadcrumbList","@id":"https:\/\/www.babel2000.es\/en\/world-of-trujiman\/#breadcrumb","itemListElement":[{"@type":"ListItem","position":1,"name":"Portada","item":"https:\/\/www.babel2000.es\/en\/home\/"},{"@type":"ListItem","position":2,"name":"World of Trujiman"}]},{"@type":"WebSite","@id":"https:\/\/www.babel2000.es\/en\/#website","url":"https:\/\/www.babel2000.es\/en\/","name":"Servicios de traduccion y interpretacion","description":"","publisher":{"@id":"https:\/\/www.babel2000.es\/en\/#organization"},"potentialAction":[{"@type":"SearchAction","target":{"@type":"EntryPoint","urlTemplate":"https:\/\/www.babel2000.es\/en\/?s={search_term_string}"},"query-input":{"@type":"PropertyValueSpecification","valueRequired":true,"valueName":"search_term_string"}}],"inLanguage":"en-US"},{"@type":"Organization","@id":"https:\/\/www.babel2000.es\/en\/#organization","name":"Servicios de traduccion y interpretacion","url":"https:\/\/www.babel2000.es\/en\/","logo":{"@type":"ImageObject","inLanguage":"en-US","@id":"https:\/\/www.babel2000.es\/en\/#\/schema\/logo\/image\/","url":"https:\/\/www.babel2000.es\/wp-content\/uploads\/2023\/09\/logo2.png","contentUrl":"https:\/\/www.babel2000.es\/wp-content\/uploads\/2023\/09\/logo2.png","width":379,"height":100,"caption":"Servicios de traduccion y interpretacion"},"image":{"@id":"https:\/\/www.babel2000.es\/en\/#\/schema\/logo\/image\/"}}]}},"_links":{"self":[{"href":"https:\/\/www.babel2000.es\/en\/wp-json\/wp\/v2\/pages\/1553","targetHints":{"allow":["GET"]}}],"collection":[{"href":"https:\/\/www.babel2000.es\/en\/wp-json\/wp\/v2\/pages"}],"about":[{"href":"https:\/\/www.babel2000.es\/en\/wp-json\/wp\/v2\/types\/page"}],"author":[{"embeddable":true,"href":"https:\/\/www.babel2000.es\/en\/wp-json\/wp\/v2\/users\/1"}],"replies":[{"embeddable":true,"href":"https:\/\/www.babel2000.es\/en\/wp-json\/wp\/v2\/comments?post=1553"}],"version-history":[{"count":1,"href":"https:\/\/www.babel2000.es\/en\/wp-json\/wp\/v2\/pages\/1553\/revisions"}],"predecessor-version":[{"id":1554,"href":"https:\/\/www.babel2000.es\/en\/wp-json\/wp\/v2\/pages\/1553\/revisions\/1554"}],"wp:featuredmedia":[{"embeddable":true,"href":"https:\/\/www.babel2000.es\/en\/wp-json\/wp\/v2\/media\/993"}],"wp:attachment":[{"href":"https:\/\/www.babel2000.es\/en\/wp-json\/wp\/v2\/media?parent=1553"}],"curies":[{"name":"wp","href":"https:\/\/api.w.org\/{rel}","templated":true}]}}