{"id":1719,"date":"2023-09-28T14:33:09","date_gmt":"2023-09-28T12:33:09","guid":{"rendered":"https:\/\/www.babel2000.es\/traduction-litteraireservices-editoriaux\/"},"modified":"2023-12-23T11:51:18","modified_gmt":"2023-12-23T10:51:18","slug":"traduction-litteraireservices-editoriaux","status":"publish","type":"page","link":"https:\/\/www.babel2000.es\/fr\/traduction-litteraireservices-editoriaux\/","title":{"rendered":"Traduction litt\u00e9raire:Services \u00e9ditoriaux"},"content":{"rendered":"\t\t<div data-elementor-type=\"wp-page\" data-elementor-id=\"1719\" class=\"elementor elementor-1719 elementor-418\" data-elementor-post-type=\"page\">\n\t\t\t\t<div class=\"elementor-element elementor-element-52e6a706 e-con-full e-flex e-con e-parent\" data-id=\"52e6a706\" data-element_type=\"container\">\n\t\t<div class=\"elementor-element elementor-element-1fe0dd57 e-con-full e-flex e-con e-child\" data-id=\"1fe0dd57\" data-element_type=\"container\">\n\t\t<div class=\"elementor-element elementor-element-482d9685 e-con-full e-flex e-con e-child\" data-id=\"482d9685\" data-element_type=\"container\">\n\t\t\t\t<div class=\"elementor-element elementor-element-b4adbff elementor-widget elementor-widget-heading\" data-id=\"b4adbff\" data-element_type=\"widget\" data-widget_type=\"heading.default\">\n\t\t\t\t<div class=\"elementor-widget-container\">\n\t\t\t\t\t<h1 class=\"elementor-heading-title elementor-size-default\">Traduction litt\u00e9raire: Un Outil Essentiel dans le Monde de l'\u00c9dition<\/h1>\t\t\t\t<\/div>\n\t\t\t\t<\/div>\n\t\t\t\t<div class=\"elementor-element elementor-element-27ddd1d elementor-widget elementor-widget-text-editor\" data-id=\"27ddd1d\" data-element_type=\"widget\" data-widget_type=\"text-editor.default\">\n\t\t\t\t<div class=\"elementor-widget-container\">\n\t\t\t\t\t\t\t\t\t<p>La <strong>traduction litt\u00e9raire<\/strong> repr\u00e9sente un pilier essentiel dans l&rsquo;interaction des cultures et l&rsquo;\u00e9change de connaissances \u00e0 l&rsquo;\u00e9chelle mondiale. Dans un monde de plus en plus connect\u00e9, il est essentiel de s&rsquo;assurer que les textes, qu&rsquo;ils soient de fiction, acad\u00e9miques ou techniques, soient accessibles \u00e0 des publics de diff\u00e9rentes langues et contextes.<\/p>\n\t\t\t\t\t\t\t\t<\/div>\n\t\t\t\t<\/div>\n\t\t\t\t<\/div>\n\t\t\t\t<div class=\"elementor-element elementor-element-5a0bf658 elementor-widget elementor-widget-heading\" data-id=\"5a0bf658\" data-element_type=\"widget\" data-widget_type=\"heading.default\">\n\t\t\t\t<div class=\"elementor-widget-container\">\n\t\t\t\t\t<span class=\"elementor-heading-title elementor-size-default\">Traduction Litt\u00e9raire<\/span>\t\t\t\t<\/div>\n\t\t\t\t<\/div>\n\t\t\t\t<\/div>\n\t\t<div class=\"elementor-element elementor-element-bc86e10 e-con-full e-flex e-con e-child\" data-id=\"bc86e10\" data-element_type=\"container\" data-settings=\"{&quot;background_background&quot;:&quot;classic&quot;}\">\n\t\t\t\t<\/div>\n\t\t\t\t<\/div>\n\t\t<div class=\"elementor-element elementor-element-43730e5a e-con-full e-flex e-con e-parent\" data-id=\"43730e5a\" data-element_type=\"container\">\n\t\t<div class=\"elementor-element elementor-element-4750db02 e-con-full e-flex e-con e-child\" data-id=\"4750db02\" data-element_type=\"container\" data-settings=\"{&quot;background_background&quot;:&quot;classic&quot;}\">\n\t\t\t\t<\/div>\n\t\t<div class=\"elementor-element elementor-element-5b146aef e-con-full e-flex e-con e-child\" data-id=\"5b146aef\" data-element_type=\"container\">\n\t\t\t\t<div class=\"elementor-element elementor-element-c515ef4 elementor-widget elementor-widget-heading\" data-id=\"c515ef4\" data-element_type=\"widget\" data-widget_type=\"heading.default\">\n\t\t\t\t<div class=\"elementor-widget-container\">\n\t\t\t\t\t<h2 class=\"elementor-heading-title elementor-size-default\">Large Gamme de Services de Traduction Litt\u00e9raire<\/h2>\t\t\t\t<\/div>\n\t\t\t\t<\/div>\n\t\t\t\t<div class=\"elementor-element elementor-element-64dad73d elementor-widget__width-initial elementor-widget elementor-widget-text-editor\" data-id=\"64dad73d\" data-element_type=\"widget\" data-widget_type=\"text-editor.default\">\n\t\t\t\t<div class=\"elementor-widget-container\">\n\t\t\t\t\t\t\t\t\t<p>Notre entreprise ne se sp\u00e9cialise pas seulement dans la <strong>traduction de livres<\/strong>. En outre, nous g\u00e9rons la publication d&rsquo;une vari\u00e9t\u00e9 de documents sur plusieurs supports. Cela va des brochures publicitaires aux manuels d&rsquo;utilisation des machines, en passant par les articles scientifiques, les th\u00e8ses et les ouvrages de vulgarisation. Chaque type de document a ses sp\u00e9cificit\u00e9s et ses d\u00e9fis, et notre \u00e9quipe est pr\u00eate \u00e0 traiter chacun d&rsquo;entre eux de mani\u00e8re efficace.<\/p>\n\t\t\t\t\t\t\t\t<\/div>\n\t\t\t\t<\/div>\n\t\t\t\t<\/div>\n\t\t\t\t<\/div>\n\t\t<div class=\"elementor-element elementor-element-c31e667 e-con-full e-flex e-con e-parent\" data-id=\"c31e667\" data-element_type=\"container\" data-settings=\"{&quot;background_background&quot;:&quot;classic&quot;}\">\n\t\t\t\t<div class=\"elementor-element elementor-element-e0ed70d elementor-widget elementor-widget-heading\" data-id=\"e0ed70d\" data-element_type=\"widget\" data-widget_type=\"heading.default\">\n\t\t\t\t<div class=\"elementor-widget-container\">\n\t\t\t\t\t<span class=\"elementor-heading-title elementor-size-default\">Le Processus<\/span>\t\t\t\t<\/div>\n\t\t\t\t<\/div>\n\t\t<div class=\"elementor-element elementor-element-626c541 e-con-full e-flex e-con e-child\" data-id=\"626c541\" data-element_type=\"container\">\n\t\t<div class=\"elementor-element elementor-element-1910527 e-con-full e-flex e-con e-child\" data-id=\"1910527\" data-element_type=\"container\">\n\t\t<div class=\"elementor-element elementor-element-8b20405 e-con-full e-flex e-con e-child\" data-id=\"8b20405\" data-element_type=\"container\">\n\t\t\t\t<div class=\"elementor-element elementor-element-3318919 elementor-widget elementor-widget-heading\" data-id=\"3318919\" data-element_type=\"widget\" data-widget_type=\"heading.default\">\n\t\t\t\t<div class=\"elementor-widget-container\">\n\t\t\t\t\t<h3 class=\"elementor-heading-title elementor-size-default\"> Des Manuscrits aux Publications Compl\u00e8tes<\/h3>\t\t\t\t<\/div>\n\t\t\t\t<\/div>\n\t\t\t\t<div class=\"elementor-element elementor-element-994d5ac elementor-widget__width-initial elementor-widget elementor-widget-text-editor\" data-id=\"994d5ac\" data-element_type=\"widget\" data-widget_type=\"text-editor.default\">\n\t\t\t\t<div class=\"elementor-widget-container\">\n\t\t\t\t\t\t\t\t\t<p>Nous comprenons l&rsquo;importance de chaque \u00e9tape dans la production d&rsquo;un document ou d&rsquo;un livre. C&rsquo;est pourquoi, au-del\u00e0 de la traduction de livres, nous offrons un processus complet. C&rsquo;est pourquoi, au-del\u00e0 de la <strong>traduction de livres<\/strong>, nous proposons un processus complet. Si vous nous fournissez un manuscrit, nous nous occupons de tout : de la traduction, de la relecture et de la mise en page, \u00e0 l&rsquo;impression et \u00e0 la livraison dans le format souhait\u00e9.<\/p>\n\t\t\t\t\t\t\t\t<\/div>\n\t\t\t\t<\/div>\n\t\t\t\t<div class=\"elementor-element elementor-element-1901049 elementor-widget elementor-widget-heading\" data-id=\"1901049\" data-element_type=\"widget\" data-widget_type=\"heading.default\">\n\t\t\t\t<div class=\"elementor-widget-container\">\n\t\t\t\t\t<h4 class=\"elementor-heading-title elementor-size-default\">Service \"Cl\u00e9 en Main\"<\/h4>\t\t\t\t<\/div>\n\t\t\t\t<\/div>\n\t\t\t\t<div class=\"elementor-element elementor-element-e0ef7d7 elementor-widget__width-initial elementor-widget elementor-widget-text-editor\" data-id=\"e0ef7d7\" data-element_type=\"widget\" data-widget_type=\"text-editor.default\">\n\t\t\t\t<div class=\"elementor-widget-container\">\n\t\t\t\t\t\t\t\t\t<p>L&rsquo;un de nos services phares dans le domaine de la <strong>traduction de livres<\/strong> est le projet \u00ab\u00a0cl\u00e9 en main\u00a0\u00bb. Dans ce mod\u00e8le, vous nous remettez simplement votre manuscrit et nous g\u00e9rons toutes les \u00e9tapes suivantes. Il a \u00e9t\u00e9 con\u00e7u pour faciliter le processus pour les auteurs, les universitaires et les entreprises \u00e0 la recherche d&rsquo;une solution compl\u00e8te et efficace.<\/p>\n\t\t\t\t\t\t\t\t<\/div>\n\t\t\t\t<\/div>\n\t\t\t\t<div class=\"elementor-element elementor-element-7eee759 elementor-widget elementor-widget-heading\" data-id=\"7eee759\" data-element_type=\"widget\" data-widget_type=\"heading.default\">\n\t\t\t\t<div class=\"elementor-widget-container\">\n\t\t\t\t\t<h4 class=\"elementor-heading-title elementor-size-default\">Importance de la traduction des livres<\/h4>\t\t\t\t<\/div>\n\t\t\t\t<\/div>\n\t\t\t\t<div class=\"elementor-element elementor-element-e86108b elementor-widget__width-initial elementor-widget elementor-widget-text-editor\" data-id=\"e86108b\" data-element_type=\"widget\" data-widget_type=\"text-editor.default\">\n\t\t\t\t<div class=\"elementor-widget-container\">\n\t\t\t\t\t\t\t\t\t<p>La <strong>traduction litt\u00e9raire<\/strong> joue un r\u00f4le crucial aujourd&rsquo;hui. Il permet \u00e0 des textes de toute origine d&rsquo;\u00eatre compris et appr\u00e9ci\u00e9s par des publics de diff\u00e9rentes parties du monde. En veillant \u00e0 ce que chaque texte soit traduit avec pr\u00e9cision, nous assurons un partage efficace des connaissances, de la culture et des id\u00e9es.<\/p>\n\t\t\t\t\t\t\t\t<\/div>\n\t\t\t\t<\/div>\n\t\t\t\t<div class=\"elementor-element elementor-element-d5c33e3 elementor-invisible elementor-widget elementor-widget-button\" data-id=\"d5c33e3\" data-element_type=\"widget\" data-settings=\"{&quot;_animation&quot;:&quot;fadeInDown&quot;}\" data-widget_type=\"button.default\">\n\t\t\t\t<div class=\"elementor-widget-container\">\n\t\t\t\t\t\t\t\t\t<div class=\"elementor-button-wrapper\">\n\t\t\t\t\t<a class=\"elementor-button elementor-button-link elementor-size-sm elementor-animation-sink\" href=\"#contactanos\">\n\t\t\t\t\t\t<span class=\"elementor-button-content-wrapper\">\n\t\t\t\t\t\t\t\t\t<span class=\"elementor-button-text\">Contactez-nous<\/span>\n\t\t\t\t\t<\/span>\n\t\t\t\t\t<\/a>\n\t\t\t\t<\/div>\n\t\t\t\t\t\t\t\t<\/div>\n\t\t\t\t<\/div>\n\t\t\t\t<\/div>\n\t\t\t\t<\/div>\n\t\t<div class=\"elementor-element elementor-element-2dec5ab e-con-full e-flex e-con e-child\" data-id=\"2dec5ab\" data-element_type=\"container\" data-settings=\"{&quot;background_background&quot;:&quot;classic&quot;}\">\n\t\t\t\t<\/div>\n\t\t\t\t<\/div>\n\t\t\t\t<\/div>\n\t\t<div class=\"elementor-element elementor-element-48fa67ee e-flex e-con-boxed e-con e-parent\" data-id=\"48fa67ee\" data-element_type=\"container\">\n\t\t\t\t\t<div class=\"e-con-inner\">\n\t\t\t\t<div class=\"elementor-element elementor-element-ef6cc96 elementor-widget elementor-widget-heading\" data-id=\"ef6cc96\" data-element_type=\"widget\" data-widget_type=\"heading.default\">\n\t\t\t\t<div class=\"elementor-widget-container\">\n\t\t\t\t\t<h2 class=\"elementor-heading-title elementor-size-default\">Traduction Litt\u00e9raire <\/h2>\t\t\t\t<\/div>\n\t\t\t\t<\/div>\n\t\t\t\t<div class=\"elementor-element elementor-element-2cbbe05 elementor-widget-divider--view-line elementor-widget elementor-widget-divider\" data-id=\"2cbbe05\" data-element_type=\"widget\" data-widget_type=\"divider.default\">\n\t\t\t\t<div class=\"elementor-widget-container\">\n\t\t\t\t\t\t\t<div class=\"elementor-divider\">\n\t\t\t<span class=\"elementor-divider-separator\">\n\t\t\t\t\t\t<\/span>\n\t\t<\/div>\n\t\t\t\t\t\t<\/div>\n\t\t\t\t<\/div>\n\t\t\t\t<div class=\"elementor-element elementor-element-79dec493 elementor-invisible elementor-widget elementor-widget-text-editor\" data-id=\"79dec493\" data-element_type=\"widget\" data-settings=\"{&quot;_animation&quot;:&quot;fadeIn&quot;}\" data-widget_type=\"text-editor.default\">\n\t\t\t\t<div class=\"elementor-widget-container\">\n\t\t\t\t\t\t\t\t\t<p>Chaque traduction litt\u00e9raire est un voyage, transportant des pens\u00e9es et des \u00e9motions vers de nouveaux horizons linguistiques.<\/p>\n\t\t\t\t\t\t\t\t<\/div>\n\t\t\t\t<\/div>\n\t\t\t\t\t<\/div>\n\t\t\t\t<\/div>\n\t\t\t\t<\/div>\n\t\t","protected":false},"excerpt":{"rendered":"<p>Traduction litt\u00e9raire: Un Outil Essentiel dans le Monde de l&rsquo;\u00c9dition La traduction litt\u00e9raire repr\u00e9sente un pilier essentiel dans l&rsquo;interaction des cultures et l&rsquo;\u00e9change de connaissances \u00e0 l&rsquo;\u00e9chelle mondiale. Dans un monde de plus en plus connect\u00e9, il est essentiel de s&rsquo;assurer que les textes, qu&rsquo;ils soient de fiction, acad\u00e9miques ou techniques, soient accessibles \u00e0 des [&hellip;]<\/p>\n","protected":false},"author":2,"featured_media":0,"parent":0,"menu_order":21,"comment_status":"closed","ping_status":"closed","template":"elementor_header_footer","meta":{"site-sidebar-layout":"default","site-content-layout":"","ast-site-content-layout":"","site-content-style":"default","site-sidebar-style":"default","ast-global-header-display":"","ast-banner-title-visibility":"","ast-main-header-display":"","ast-hfb-above-header-display":"","ast-hfb-below-header-display":"","ast-hfb-mobile-header-display":"","site-post-title":"","ast-breadcrumbs-content":"","ast-featured-img":"","footer-sml-layout":"","theme-transparent-header-meta":"","adv-header-id-meta":"","stick-header-meta":"","header-above-stick-meta":"","header-main-stick-meta":"","header-below-stick-meta":"","astra-migrate-meta-layouts":"default","ast-page-background-enabled":"default","ast-page-background-meta":{"desktop":{"background-color":"var(--ast-global-color-4)","background-image":"","background-repeat":"repeat","background-position":"center center","background-size":"auto","background-attachment":"scroll","background-type":"","background-media":"","overlay-type":"","overlay-color":"","overlay-opacity":"","overlay-gradient":""},"tablet":{"background-color":"","background-image":"","background-repeat":"repeat","background-position":"center center","background-size":"auto","background-attachment":"scroll","background-type":"","background-media":"","overlay-type":"","overlay-color":"","overlay-opacity":"","overlay-gradient":""},"mobile":{"background-color":"","background-image":"","background-repeat":"repeat","background-position":"center center","background-size":"auto","background-attachment":"scroll","background-type":"","background-media":"","overlay-type":"","overlay-color":"","overlay-opacity":"","overlay-gradient":""}},"ast-content-background-meta":{"desktop":{"background-color":"var(--ast-global-color-5)","background-image":"","background-repeat":"repeat","background-position":"center center","background-size":"auto","background-attachment":"scroll","background-type":"","background-media":"","overlay-type":"","overlay-color":"","overlay-opacity":"","overlay-gradient":""},"tablet":{"background-color":"var(--ast-global-color-5)","background-image":"","background-repeat":"repeat","background-position":"center center","background-size":"auto","background-attachment":"scroll","background-type":"","background-media":"","overlay-type":"","overlay-color":"","overlay-opacity":"","overlay-gradient":""},"mobile":{"background-color":"var(--ast-global-color-5)","background-image":"","background-repeat":"repeat","background-position":"center center","background-size":"auto","background-attachment":"scroll","background-type":"","background-media":"","overlay-type":"","overlay-color":"","overlay-opacity":"","overlay-gradient":""}},"footnotes":""},"class_list":["post-1719","page","type-page","status-publish","hentry"],"yoast_head":"<!-- This site is optimized with the Yoast SEO plugin v27.3 - https:\/\/yoast.com\/product\/yoast-seo-wordpress\/ -->\n<title>Traduction litt\u00e9raire:Services \u00e9ditoriaux - BABEL 2000 SA<\/title>\n<meta name=\"description\" content=\"La traduction litt\u00e9raire: la cl\u00e9 pour relier les cultures et partager les textes, de la fiction \u00e0 l&#039;universit\u00e9. Un Outil Essentiel dans le Monde de l&#039;\u00c9dition\" \/>\n<meta name=\"robots\" content=\"index, follow, max-snippet:-1, max-image-preview:large, max-video-preview:-1\" \/>\n<link rel=\"canonical\" href=\"https:\/\/www.babel2000.es\/fr\/traduction-litteraireservices-editoriaux\/\" \/>\n<meta property=\"og:locale\" content=\"fr_FR\" \/>\n<meta property=\"og:type\" content=\"article\" \/>\n<meta property=\"og:title\" content=\"Traduction litt\u00e9raire:Services \u00e9ditoriaux - BABEL 2000 SA\" \/>\n<meta property=\"og:description\" content=\"La traduction litt\u00e9raire: la cl\u00e9 pour relier les cultures et partager les textes, de la fiction \u00e0 l&#039;universit\u00e9. Un Outil Essentiel dans le Monde de l&#039;\u00c9dition\" \/>\n<meta property=\"og:url\" content=\"https:\/\/www.babel2000.es\/fr\/traduction-litteraireservices-editoriaux\/\" \/>\n<meta property=\"og:site_name\" content=\"BABEL 2000 SA\" \/>\n<meta property=\"article:modified_time\" content=\"2023-12-23T10:51:18+00:00\" \/>\n<meta name=\"twitter:card\" content=\"summary_large_image\" \/>\n<meta name=\"twitter:label1\" content=\"Dur\u00e9e de lecture estim\u00e9e\" \/>\n\t<meta name=\"twitter:data1\" content=\"2 minutes\" \/>\n<script type=\"application\/ld+json\" class=\"yoast-schema-graph\">{\"@context\":\"https:\\\/\\\/schema.org\",\"@graph\":[{\"@type\":\"WebPage\",\"@id\":\"https:\\\/\\\/www.babel2000.es\\\/fr\\\/traduction-litteraireservices-editoriaux\\\/\",\"url\":\"https:\\\/\\\/www.babel2000.es\\\/fr\\\/traduction-litteraireservices-editoriaux\\\/\",\"name\":\"Traduction litt\u00e9raire:Services \u00e9ditoriaux - BABEL 2000 SA\",\"isPartOf\":{\"@id\":\"https:\\\/\\\/www.babel2000.es\\\/fr\\\/#website\"},\"datePublished\":\"2023-09-28T12:33:09+00:00\",\"dateModified\":\"2023-12-23T10:51:18+00:00\",\"description\":\"La traduction litt\u00e9raire: la cl\u00e9 pour relier les cultures et partager les textes, de la fiction \u00e0 l'universit\u00e9. Un Outil Essentiel dans le Monde de l'\u00c9dition\",\"breadcrumb\":{\"@id\":\"https:\\\/\\\/www.babel2000.es\\\/fr\\\/traduction-litteraireservices-editoriaux\\\/#breadcrumb\"},\"inLanguage\":\"fr-FR\",\"potentialAction\":[{\"@type\":\"ReadAction\",\"target\":[\"https:\\\/\\\/www.babel2000.es\\\/fr\\\/traduction-litteraireservices-editoriaux\\\/\"]}]},{\"@type\":\"BreadcrumbList\",\"@id\":\"https:\\\/\\\/www.babel2000.es\\\/fr\\\/traduction-litteraireservices-editoriaux\\\/#breadcrumb\",\"itemListElement\":[{\"@type\":\"ListItem\",\"position\":1,\"name\":\"Portada\",\"item\":\"https:\\\/\\\/www.babel2000.es\\\/fr\\\/accueil\\\/\"},{\"@type\":\"ListItem\",\"position\":2,\"name\":\"Traduction litt\u00e9raire:Services \u00e9ditoriaux\"}]},{\"@type\":\"WebSite\",\"@id\":\"https:\\\/\\\/www.babel2000.es\\\/fr\\\/#website\",\"url\":\"https:\\\/\\\/www.babel2000.es\\\/fr\\\/\",\"name\":\"Servicios de traduccion y interpretacion\",\"description\":\"\",\"publisher\":{\"@id\":\"https:\\\/\\\/www.babel2000.es\\\/fr\\\/#organization\"},\"potentialAction\":[{\"@type\":\"SearchAction\",\"target\":{\"@type\":\"EntryPoint\",\"urlTemplate\":\"https:\\\/\\\/www.babel2000.es\\\/fr\\\/?s={search_term_string}\"},\"query-input\":{\"@type\":\"PropertyValueSpecification\",\"valueRequired\":true,\"valueName\":\"search_term_string\"}}],\"inLanguage\":\"fr-FR\"},{\"@type\":\"Organization\",\"@id\":\"https:\\\/\\\/www.babel2000.es\\\/fr\\\/#organization\",\"name\":\"Servicios de traduccion y interpretacion\",\"url\":\"https:\\\/\\\/www.babel2000.es\\\/fr\\\/\",\"logo\":{\"@type\":\"ImageObject\",\"inLanguage\":\"fr-FR\",\"@id\":\"https:\\\/\\\/www.babel2000.es\\\/fr\\\/#\\\/schema\\\/logo\\\/image\\\/\",\"url\":\"https:\\\/\\\/www.babel2000.es\\\/wp-content\\\/uploads\\\/2023\\\/09\\\/logo2.png\",\"contentUrl\":\"https:\\\/\\\/www.babel2000.es\\\/wp-content\\\/uploads\\\/2023\\\/09\\\/logo2.png\",\"width\":379,\"height\":100,\"caption\":\"Servicios de traduccion y interpretacion\"},\"image\":{\"@id\":\"https:\\\/\\\/www.babel2000.es\\\/fr\\\/#\\\/schema\\\/logo\\\/image\\\/\"}}]}<\/script>\n<!-- \/ Yoast SEO plugin. -->","yoast_head_json":{"title":"Traduction litt\u00e9raire:Services \u00e9ditoriaux - BABEL 2000 SA","description":"La traduction litt\u00e9raire: la cl\u00e9 pour relier les cultures et partager les textes, de la fiction \u00e0 l'universit\u00e9. Un Outil Essentiel dans le Monde de l'\u00c9dition","robots":{"index":"index","follow":"follow","max-snippet":"max-snippet:-1","max-image-preview":"max-image-preview:large","max-video-preview":"max-video-preview:-1"},"canonical":"https:\/\/www.babel2000.es\/fr\/traduction-litteraireservices-editoriaux\/","og_locale":"fr_FR","og_type":"article","og_title":"Traduction litt\u00e9raire:Services \u00e9ditoriaux - BABEL 2000 SA","og_description":"La traduction litt\u00e9raire: la cl\u00e9 pour relier les cultures et partager les textes, de la fiction \u00e0 l'universit\u00e9. Un Outil Essentiel dans le Monde de l'\u00c9dition","og_url":"https:\/\/www.babel2000.es\/fr\/traduction-litteraireservices-editoriaux\/","og_site_name":"BABEL 2000 SA","article_modified_time":"2023-12-23T10:51:18+00:00","twitter_card":"summary_large_image","twitter_misc":{"Dur\u00e9e de lecture estim\u00e9e":"2 minutes"},"schema":{"@context":"https:\/\/schema.org","@graph":[{"@type":"WebPage","@id":"https:\/\/www.babel2000.es\/fr\/traduction-litteraireservices-editoriaux\/","url":"https:\/\/www.babel2000.es\/fr\/traduction-litteraireservices-editoriaux\/","name":"Traduction litt\u00e9raire:Services \u00e9ditoriaux - BABEL 2000 SA","isPartOf":{"@id":"https:\/\/www.babel2000.es\/fr\/#website"},"datePublished":"2023-09-28T12:33:09+00:00","dateModified":"2023-12-23T10:51:18+00:00","description":"La traduction litt\u00e9raire: la cl\u00e9 pour relier les cultures et partager les textes, de la fiction \u00e0 l'universit\u00e9. Un Outil Essentiel dans le Monde de l'\u00c9dition","breadcrumb":{"@id":"https:\/\/www.babel2000.es\/fr\/traduction-litteraireservices-editoriaux\/#breadcrumb"},"inLanguage":"fr-FR","potentialAction":[{"@type":"ReadAction","target":["https:\/\/www.babel2000.es\/fr\/traduction-litteraireservices-editoriaux\/"]}]},{"@type":"BreadcrumbList","@id":"https:\/\/www.babel2000.es\/fr\/traduction-litteraireservices-editoriaux\/#breadcrumb","itemListElement":[{"@type":"ListItem","position":1,"name":"Portada","item":"https:\/\/www.babel2000.es\/fr\/accueil\/"},{"@type":"ListItem","position":2,"name":"Traduction litt\u00e9raire:Services \u00e9ditoriaux"}]},{"@type":"WebSite","@id":"https:\/\/www.babel2000.es\/fr\/#website","url":"https:\/\/www.babel2000.es\/fr\/","name":"Servicios de traduccion y interpretacion","description":"","publisher":{"@id":"https:\/\/www.babel2000.es\/fr\/#organization"},"potentialAction":[{"@type":"SearchAction","target":{"@type":"EntryPoint","urlTemplate":"https:\/\/www.babel2000.es\/fr\/?s={search_term_string}"},"query-input":{"@type":"PropertyValueSpecification","valueRequired":true,"valueName":"search_term_string"}}],"inLanguage":"fr-FR"},{"@type":"Organization","@id":"https:\/\/www.babel2000.es\/fr\/#organization","name":"Servicios de traduccion y interpretacion","url":"https:\/\/www.babel2000.es\/fr\/","logo":{"@type":"ImageObject","inLanguage":"fr-FR","@id":"https:\/\/www.babel2000.es\/fr\/#\/schema\/logo\/image\/","url":"https:\/\/www.babel2000.es\/wp-content\/uploads\/2023\/09\/logo2.png","contentUrl":"https:\/\/www.babel2000.es\/wp-content\/uploads\/2023\/09\/logo2.png","width":379,"height":100,"caption":"Servicios de traduccion y interpretacion"},"image":{"@id":"https:\/\/www.babel2000.es\/fr\/#\/schema\/logo\/image\/"}}]}},"_links":{"self":[{"href":"https:\/\/www.babel2000.es\/fr\/wp-json\/wp\/v2\/pages\/1719","targetHints":{"allow":["GET"]}}],"collection":[{"href":"https:\/\/www.babel2000.es\/fr\/wp-json\/wp\/v2\/pages"}],"about":[{"href":"https:\/\/www.babel2000.es\/fr\/wp-json\/wp\/v2\/types\/page"}],"author":[{"embeddable":true,"href":"https:\/\/www.babel2000.es\/fr\/wp-json\/wp\/v2\/users\/2"}],"replies":[{"embeddable":true,"href":"https:\/\/www.babel2000.es\/fr\/wp-json\/wp\/v2\/comments?post=1719"}],"version-history":[{"count":3,"href":"https:\/\/www.babel2000.es\/fr\/wp-json\/wp\/v2\/pages\/1719\/revisions"}],"predecessor-version":[{"id":1722,"href":"https:\/\/www.babel2000.es\/fr\/wp-json\/wp\/v2\/pages\/1719\/revisions\/1722"}],"wp:attachment":[{"href":"https:\/\/www.babel2000.es\/fr\/wp-json\/wp\/v2\/media?parent=1719"}],"curies":[{"name":"wp","href":"https:\/\/api.w.org\/{rel}","templated":true}]}}