{"id":1723,"date":"2023-09-28T14:01:08","date_gmt":"2023-09-28T12:01:08","guid":{"rendered":"https:\/\/www.babel2000.es\/traduction-simultanee-pour-les-evenements\/"},"modified":"2023-12-23T11:51:28","modified_gmt":"2023-12-23T10:51:28","slug":"traduction-simultanee-pour-les-evenements","status":"publish","type":"page","link":"https:\/\/www.babel2000.es\/fr\/traduction-simultanee-pour-les-evenements\/","title":{"rendered":"Traduction simultan\u00e9e pour les \u00e9v\u00e9nements"},"content":{"rendered":"\t\t<div data-elementor-type=\"wp-page\" data-elementor-id=\"1723\" class=\"elementor elementor-1723 elementor-397\" data-elementor-post-type=\"page\">\n\t\t\t\t<div class=\"elementor-element elementor-element-52e6a706 e-con-full e-flex e-con e-parent\" data-id=\"52e6a706\" data-element_type=\"container\">\n\t\t<div class=\"elementor-element elementor-element-1fe0dd57 e-con-full e-flex e-con e-child\" data-id=\"1fe0dd57\" data-element_type=\"container\">\n\t\t<div class=\"elementor-element elementor-element-482d9685 e-con-full e-flex e-con e-child\" data-id=\"482d9685\" data-element_type=\"container\">\n\t\t\t\t<div class=\"elementor-element elementor-element-b4adbff elementor-widget elementor-widget-heading\" data-id=\"b4adbff\" data-element_type=\"widget\" data-widget_type=\"heading.default\">\n\t\t\t\t<div class=\"elementor-widget-container\">\n\t\t\t\t\t<h1 class=\"elementor-heading-title elementor-size-default\">Traduction Simultan\u00e9e pour \u00c9v\u00e9nements: Unissant les Cultures en Temps R\u00e9el<\/h1>\t\t\t\t<\/div>\n\t\t\t\t<\/div>\n\t\t\t\t<div class=\"elementor-element elementor-element-27ddd1d elementor-widget elementor-widget-text-editor\" data-id=\"27ddd1d\" data-element_type=\"widget\" data-widget_type=\"text-editor.default\">\n\t\t\t\t<div class=\"elementor-widget-container\">\n\t\t\t\t\t\t\t\t\t<p>La <strong>traduction simultan\u00e9e pour les \u00e9v\u00e9nements<\/strong> &nbsp;est devenue <b>un outil essentiel<\/b> dans le paysage mondial. Dans ce monde interconnect\u00e9, des \u00e9v\u00e9nements allant des r\u00e9unions d&rsquo;affaires aux grands congr\u00e8s internationaux n\u00e9cessitent une communication claire et efficace qui surmonte les barri\u00e8res linguistiques, et c&rsquo;est l\u00e0 que la traduction simultan\u00e9e intervient.<\/p>\n\t\t\t\t\t\t\t\t<\/div>\n\t\t\t\t<\/div>\n\t\t\t\t<\/div>\n\t\t\t\t<div class=\"elementor-element elementor-element-5a0bf658 elementor-widget elementor-widget-heading\" data-id=\"5a0bf658\" data-element_type=\"widget\" data-widget_type=\"heading.default\">\n\t\t\t\t<div class=\"elementor-widget-container\">\n\t\t\t\t\t<span class=\"elementor-heading-title elementor-size-default\">Traduction Simultan\u00e9e<\/span>\t\t\t\t<\/div>\n\t\t\t\t<\/div>\n\t\t\t\t<\/div>\n\t\t<div class=\"elementor-element elementor-element-bc86e10 e-con-full e-flex e-con e-child\" data-id=\"bc86e10\" data-element_type=\"container\" data-settings=\"{&quot;background_background&quot;:&quot;classic&quot;}\">\n\t\t\t\t<\/div>\n\t\t\t\t<\/div>\n\t\t<div class=\"elementor-element elementor-element-43730e5a e-con-full e-flex e-con e-parent\" data-id=\"43730e5a\" data-element_type=\"container\">\n\t\t<div class=\"elementor-element elementor-element-4750db02 e-con-full e-flex e-con e-child\" data-id=\"4750db02\" data-element_type=\"container\" data-settings=\"{&quot;background_background&quot;:&quot;classic&quot;}\">\n\t\t\t\t<\/div>\n\t\t<div class=\"elementor-element elementor-element-5b146aef e-con-full e-flex e-con e-child\" data-id=\"5b146aef\" data-element_type=\"container\">\n\t\t\t\t<div class=\"elementor-element elementor-element-c515ef4 elementor-widget elementor-widget-heading\" data-id=\"c515ef4\" data-element_type=\"widget\" data-widget_type=\"heading.default\">\n\t\t\t\t<div class=\"elementor-widget-container\">\n\t\t\t\t\t<h2 class=\"elementor-heading-title elementor-size-default\">Traduction Simultan\u00e9e : De l'Environnement Commercial aux Grands Congr\u00e8s<\/h2>\t\t\t\t<\/div>\n\t\t\t\t<\/div>\n\t\t\t\t<div class=\"elementor-element elementor-element-64dad73d elementor-widget__width-initial elementor-widget elementor-widget-text-editor\" data-id=\"64dad73d\" data-element_type=\"widget\" data-widget_type=\"text-editor.default\">\n\t\t\t\t<div class=\"elementor-widget-container\">\n\t\t\t\t\t\t\t\t\t<p>Tous les \u00e9v\u00e9nements ne se ressemblent pas, et le besoin de t<strong>raduction simultan\u00e9e&nbsp;<\/strong> pour les \u00e9v\u00e9nements varie en fonction de leur ampleur et du public cible. Alors que lors d&rsquo;une r\u00e9union d&rsquo;affaires, l&rsquo;objectif est de conclure des accords et de b\u00e2tir des relations, lors d&rsquo;un congr\u00e8s international, l&rsquo;objectif est de diffuser des connaissances et de connecter des experts du monde entier. Dans les deux sc\u00e9narios, il est essentiel que le message soit transmis avec pr\u00e9cision et sans d\u00e9lai, ce qui est r\u00e9alis\u00e9 efficacement gr\u00e2ce \u00e0 la traduction simultan\u00e9e.<\/p>\n\t\t\t\t\t\t\t\t<\/div>\n\t\t\t\t<\/div>\n\t\t\t\t<\/div>\n\t\t\t\t<\/div>\n\t\t<div class=\"elementor-element elementor-element-1f5483c3 e-con-full e-flex e-con e-parent\" data-id=\"1f5483c3\" data-element_type=\"container\" data-settings=\"{&quot;background_background&quot;:&quot;classic&quot;}\">\n\t\t\t\t<div class=\"elementor-element elementor-element-7b7ecf18 elementor-widget elementor-widget-heading\" data-id=\"7b7ecf18\" data-element_type=\"widget\" data-widget_type=\"heading.default\">\n\t\t\t\t<div class=\"elementor-widget-container\">\n\t\t\t\t\t<span class=\"elementor-heading-title elementor-size-default\">\u00c0 la Pointe de la Technologie<\/span>\t\t\t\t<\/div>\n\t\t\t\t<\/div>\n\t\t<div class=\"elementor-element elementor-element-3bbeb6c e-con-full e-flex e-con e-child\" data-id=\"3bbeb6c\" data-element_type=\"container\">\n\t\t<div class=\"elementor-element elementor-element-7d299b5 e-con-full e-flex e-con e-child\" data-id=\"7d299b5\" data-element_type=\"container\">\n\t\t<div class=\"elementor-element elementor-element-d682cc2 e-con-full e-flex e-con e-child\" data-id=\"d682cc2\" data-element_type=\"container\">\n\t\t\t\t<div class=\"elementor-element elementor-element-24cf7ec elementor-widget elementor-widget-heading\" data-id=\"24cf7ec\" data-element_type=\"widget\" data-widget_type=\"heading.default\">\n\t\t\t\t<div class=\"elementor-widget-container\">\n\t\t\t\t\t<h3 class=\"elementor-heading-title elementor-size-default\">Sp\u00e9cialistes en Traduction Simultan\u00e9e<\/h3>\t\t\t\t<\/div>\n\t\t\t\t<\/div>\n\t\t\t\t<div class=\"elementor-element elementor-element-5dcaf3c elementor-widget__width-initial elementor-widget elementor-widget-text-editor\" data-id=\"5dcaf3c\" data-element_type=\"widget\" data-widget_type=\"text-editor.default\">\n\t\t\t\t<div class=\"elementor-widget-container\">\n\t\t\t\t\t\t\t\t\t<p>L&rsquo;efficacit\u00e9 de la <strong>traduction simultan\u00e9e<\/strong> pour les \u00e9v\u00e9nements est intrins\u00e8quement li\u00e9e aux comp\u00e9tences et \u00e0 l&rsquo;exp\u00e9rience des traducteurs. C&rsquo;est pourquoi nous travaillons avec des sp\u00e9cialistes qui ma\u00eetrisent non seulement diverses langues, mais qui sont \u00e9galement aptes \u00e0 saisir l&rsquo;essence, le ton et l&rsquo;urgence de chaque mot et phrase, en transmettant le message original avec fid\u00e9lit\u00e9.<\/p>\n\t\t\t\t\t\t\t\t<\/div>\n\t\t\t\t<\/div>\n\t\t\t\t<div class=\"elementor-element elementor-element-5912cd0 elementor-widget elementor-widget-heading\" data-id=\"5912cd0\" data-element_type=\"widget\" data-widget_type=\"heading.default\">\n\t\t\t\t<div class=\"elementor-widget-container\">\n\t\t\t\t\t<h4 class=\"elementor-heading-title elementor-size-default\">\u00c9quipements de Pointe<\/h4>\t\t\t\t<\/div>\n\t\t\t\t<\/div>\n\t\t\t\t<div class=\"elementor-element elementor-element-60f7cfa elementor-widget__width-initial elementor-widget elementor-widget-text-editor\" data-id=\"60f7cfa\" data-element_type=\"widget\" data-widget_type=\"text-editor.default\">\n\t\t\t\t<div class=\"elementor-widget-container\">\n\t\t\t\t\t\t\t\t\t<p>Le succ\u00e8s de la <strong>traduction simultan\u00e9e pour les \u00e9v\u00e9nements<\/strong> repose \u00e9galement sur la technologie utilis\u00e9e. Nous proposons les \u00e9quipements les plus avanc\u00e9s du march\u00e9, y compris des syst\u00e8mes de traduction simultan\u00e9e haut de gamme, des dispositifs de m\u00e9gaphonie, des circuits de t\u00e9l\u00e9vision pour les retransmissions et des connexions par satellite pour assurer une couverture mondiale.<\/p>\n<p>Le r\u00f4le de l&rsquo;avanc\u00e9e technologique a \u00e9t\u00e9 fondamental. Les \u00e9v\u00e9nements qui n\u00e9cessitaient autrefois une pr\u00e9sence physique peuvent d\u00e9sormais \u00eatre appr\u00e9ci\u00e9s par des personnes du monde entier, gr\u00e2ce aux diffusions en ligne et bien s\u00fbr, \u00e0 la traduction simultan\u00e9e.<\/p>\n\t\t\t\t\t\t\t\t<\/div>\n\t\t\t\t<\/div>\n\t\t\t\t<div class=\"elementor-element elementor-element-cef988d elementor-widget__width-initial elementor-widget elementor-widget-text-editor\" data-id=\"cef988d\" data-element_type=\"widget\" data-widget_type=\"text-editor.default\">\n\t\t\t\t<div class=\"elementor-widget-container\">\n\t\t\t\t\t\t\t\t\t<p>Bien que la <strong>traduction simultan\u00e9e pour les \u00e9v\u00e9nements<\/strong> en personne reste l&rsquo;option pr\u00e9f\u00e9r\u00e9e de nombreux, la modalit\u00e9 \u00e0 distance gagne du terrain en raison de sa flexibilit\u00e9 et de son accessibilit\u00e9. Les deux modalit\u00e9s garantissent une traduction de haute qualit\u00e9 qui s&rsquo;adapte aux besoins changeants du monde actuel.<\/p>\n\t\t\t\t\t\t\t\t<\/div>\n\t\t\t\t<\/div>\n\t\t\t\t<div class=\"elementor-element elementor-element-814fe54 elementor-invisible elementor-widget elementor-widget-button\" data-id=\"814fe54\" data-element_type=\"widget\" data-settings=\"{&quot;_animation&quot;:&quot;fadeInDown&quot;}\" data-widget_type=\"button.default\">\n\t\t\t\t<div class=\"elementor-widget-container\">\n\t\t\t\t\t\t\t\t\t<div class=\"elementor-button-wrapper\">\n\t\t\t\t\t<a class=\"elementor-button elementor-button-link elementor-size-sm elementor-animation-sink\" href=\"#contactanos\">\n\t\t\t\t\t\t<span class=\"elementor-button-content-wrapper\">\n\t\t\t\t\t\t\t\t\t<span class=\"elementor-button-text\">Contactez-nous<\/span>\n\t\t\t\t\t<\/span>\n\t\t\t\t\t<\/a>\n\t\t\t\t<\/div>\n\t\t\t\t\t\t\t\t<\/div>\n\t\t\t\t<\/div>\n\t\t\t\t<\/div>\n\t\t\t\t<\/div>\n\t\t<div class=\"elementor-element elementor-element-b631bb6 e-con-full e-flex e-con e-child\" data-id=\"b631bb6\" data-element_type=\"container\" data-settings=\"{&quot;background_background&quot;:&quot;classic&quot;}\">\n\t\t\t\t<\/div>\n\t\t\t\t<\/div>\n\t\t\t\t<\/div>\n\t\t<div class=\"elementor-element elementor-element-48fa67ee e-flex e-con-boxed e-con e-parent\" data-id=\"48fa67ee\" data-element_type=\"container\">\n\t\t\t\t\t<div class=\"e-con-inner\">\n\t\t\t\t<div class=\"elementor-element elementor-element-e76dde9 elementor-widget elementor-widget-heading\" data-id=\"e76dde9\" data-element_type=\"widget\" data-widget_type=\"heading.default\">\n\t\t\t\t<div class=\"elementor-widget-container\">\n\t\t\t\t\t<p class=\"elementor-heading-title elementor-size-default\">Traduction simultan\u00e9e<\/p>\t\t\t\t<\/div>\n\t\t\t\t<\/div>\n\t\t\t\t<div class=\"elementor-element elementor-element-2cbbe05 elementor-widget-divider--view-line elementor-widget elementor-widget-divider\" data-id=\"2cbbe05\" data-element_type=\"widget\" data-widget_type=\"divider.default\">\n\t\t\t\t<div class=\"elementor-widget-container\">\n\t\t\t\t\t\t\t<div class=\"elementor-divider\">\n\t\t\t<span class=\"elementor-divider-separator\">\n\t\t\t\t\t\t<\/span>\n\t\t<\/div>\n\t\t\t\t\t\t<\/div>\n\t\t\t\t<\/div>\n\t\t\t\t<div class=\"elementor-element elementor-element-79dec493 elementor-invisible elementor-widget elementor-widget-text-editor\" data-id=\"79dec493\" data-element_type=\"widget\" data-settings=\"{&quot;_animation&quot;:&quot;fadeIn&quot;}\" data-widget_type=\"text-editor.default\">\n\t\t\t\t<div class=\"elementor-widget-container\">\n\t\t\t\t\t\t\t\t\t<p>Au c\u0153ur de chaque \u00e9v\u00e9nement, la traduction simultan\u00e9e devient la m\u00e9lodie qui harmonise des voix disparates, cr\u00e9ant un ch\u0153ur unifi\u00e9 d&rsquo;id\u00e9es qui transcende les fronti\u00e8res.<\/p>\n\t\t\t\t\t\t\t\t<\/div>\n\t\t\t\t<\/div>\n\t\t\t\t\t<\/div>\n\t\t\t\t<\/div>\n\t\t\t\t<\/div>\n\t\t","protected":false},"excerpt":{"rendered":"<p>Traduction Simultan\u00e9e pour \u00c9v\u00e9nements: Unissant les Cultures en Temps R\u00e9el La traduction simultan\u00e9e pour les \u00e9v\u00e9nements &nbsp;est devenue un outil essentiel dans le paysage mondial. Dans ce monde interconnect\u00e9, des \u00e9v\u00e9nements allant des r\u00e9unions d&rsquo;affaires aux grands congr\u00e8s internationaux n\u00e9cessitent une communication claire et efficace qui surmonte les barri\u00e8res linguistiques, et c&rsquo;est l\u00e0 que la [&hellip;]<\/p>\n","protected":false},"author":2,"featured_media":0,"parent":0,"menu_order":21,"comment_status":"closed","ping_status":"closed","template":"elementor_header_footer","meta":{"site-sidebar-layout":"default","site-content-layout":"","ast-site-content-layout":"","site-content-style":"default","site-sidebar-style":"default","ast-global-header-display":"","ast-banner-title-visibility":"","ast-main-header-display":"","ast-hfb-above-header-display":"","ast-hfb-below-header-display":"","ast-hfb-mobile-header-display":"","site-post-title":"","ast-breadcrumbs-content":"","ast-featured-img":"","footer-sml-layout":"","theme-transparent-header-meta":"","adv-header-id-meta":"","stick-header-meta":"","header-above-stick-meta":"","header-main-stick-meta":"","header-below-stick-meta":"","astra-migrate-meta-layouts":"default","ast-page-background-enabled":"default","ast-page-background-meta":{"desktop":{"background-color":"var(--ast-global-color-4)","background-image":"","background-repeat":"repeat","background-position":"center center","background-size":"auto","background-attachment":"scroll","background-type":"","background-media":"","overlay-type":"","overlay-color":"","overlay-opacity":"","overlay-gradient":""},"tablet":{"background-color":"","background-image":"","background-repeat":"repeat","background-position":"center center","background-size":"auto","background-attachment":"scroll","background-type":"","background-media":"","overlay-type":"","overlay-color":"","overlay-opacity":"","overlay-gradient":""},"mobile":{"background-color":"","background-image":"","background-repeat":"repeat","background-position":"center center","background-size":"auto","background-attachment":"scroll","background-type":"","background-media":"","overlay-type":"","overlay-color":"","overlay-opacity":"","overlay-gradient":""}},"ast-content-background-meta":{"desktop":{"background-color":"var(--ast-global-color-5)","background-image":"","background-repeat":"repeat","background-position":"center center","background-size":"auto","background-attachment":"scroll","background-type":"","background-media":"","overlay-type":"","overlay-color":"","overlay-opacity":"","overlay-gradient":""},"tablet":{"background-color":"var(--ast-global-color-5)","background-image":"","background-repeat":"repeat","background-position":"center center","background-size":"auto","background-attachment":"scroll","background-type":"","background-media":"","overlay-type":"","overlay-color":"","overlay-opacity":"","overlay-gradient":""},"mobile":{"background-color":"var(--ast-global-color-5)","background-image":"","background-repeat":"repeat","background-position":"center center","background-size":"auto","background-attachment":"scroll","background-type":"","background-media":"","overlay-type":"","overlay-color":"","overlay-opacity":"","overlay-gradient":""}},"footnotes":""},"class_list":["post-1723","page","type-page","status-publish","hentry"],"yoast_head":"<!-- This site is optimized with the Yoast SEO plugin v27.3 - https:\/\/yoast.com\/product\/yoast-seo-wordpress\/ -->\n<title>Traduction simultan\u00e9e pour les \u00e9v\u00e9nements - BABEL 2000 SA<\/title>\n<meta name=\"description\" content=\"Traduction Simultan\u00e9e pour \u00c9v\u00e9nements L&#039;exp\u00e9rience et la technologie au service de votre \u00e9v\u00e9nement international. Entrez en contact avec votre public mondial !\" \/>\n<meta name=\"robots\" content=\"index, follow, max-snippet:-1, max-image-preview:large, max-video-preview:-1\" \/>\n<link rel=\"canonical\" href=\"https:\/\/www.babel2000.es\/fr\/traduction-simultanee-pour-les-evenements\/\" \/>\n<meta property=\"og:locale\" content=\"fr_FR\" \/>\n<meta property=\"og:type\" content=\"article\" \/>\n<meta property=\"og:title\" content=\"Traduction simultan\u00e9e pour les \u00e9v\u00e9nements - BABEL 2000 SA\" \/>\n<meta property=\"og:description\" content=\"Traduction Simultan\u00e9e pour \u00c9v\u00e9nements L&#039;exp\u00e9rience et la technologie au service de votre \u00e9v\u00e9nement international. Entrez en contact avec votre public mondial !\" \/>\n<meta property=\"og:url\" content=\"https:\/\/www.babel2000.es\/fr\/traduction-simultanee-pour-les-evenements\/\" \/>\n<meta property=\"og:site_name\" content=\"BABEL 2000 SA\" \/>\n<meta property=\"article:modified_time\" content=\"2023-12-23T10:51:28+00:00\" \/>\n<meta name=\"twitter:card\" content=\"summary_large_image\" \/>\n<meta name=\"twitter:label1\" content=\"Dur\u00e9e de lecture estim\u00e9e\" \/>\n\t<meta name=\"twitter:data1\" content=\"2 minutes\" \/>\n<script type=\"application\/ld+json\" class=\"yoast-schema-graph\">{\"@context\":\"https:\\\/\\\/schema.org\",\"@graph\":[{\"@type\":\"WebPage\",\"@id\":\"https:\\\/\\\/www.babel2000.es\\\/fr\\\/traduction-simultanee-pour-les-evenements\\\/\",\"url\":\"https:\\\/\\\/www.babel2000.es\\\/fr\\\/traduction-simultanee-pour-les-evenements\\\/\",\"name\":\"Traduction simultan\u00e9e pour les \u00e9v\u00e9nements - BABEL 2000 SA\",\"isPartOf\":{\"@id\":\"https:\\\/\\\/www.babel2000.es\\\/fr\\\/#website\"},\"datePublished\":\"2023-09-28T12:01:08+00:00\",\"dateModified\":\"2023-12-23T10:51:28+00:00\",\"description\":\"Traduction Simultan\u00e9e pour \u00c9v\u00e9nements L'exp\u00e9rience et la technologie au service de votre \u00e9v\u00e9nement international. Entrez en contact avec votre public mondial !\",\"breadcrumb\":{\"@id\":\"https:\\\/\\\/www.babel2000.es\\\/fr\\\/traduction-simultanee-pour-les-evenements\\\/#breadcrumb\"},\"inLanguage\":\"fr-FR\",\"potentialAction\":[{\"@type\":\"ReadAction\",\"target\":[\"https:\\\/\\\/www.babel2000.es\\\/fr\\\/traduction-simultanee-pour-les-evenements\\\/\"]}]},{\"@type\":\"BreadcrumbList\",\"@id\":\"https:\\\/\\\/www.babel2000.es\\\/fr\\\/traduction-simultanee-pour-les-evenements\\\/#breadcrumb\",\"itemListElement\":[{\"@type\":\"ListItem\",\"position\":1,\"name\":\"Portada\",\"item\":\"https:\\\/\\\/www.babel2000.es\\\/fr\\\/accueil\\\/\"},{\"@type\":\"ListItem\",\"position\":2,\"name\":\"Traduction simultan\u00e9e pour les \u00e9v\u00e9nements\"}]},{\"@type\":\"WebSite\",\"@id\":\"https:\\\/\\\/www.babel2000.es\\\/fr\\\/#website\",\"url\":\"https:\\\/\\\/www.babel2000.es\\\/fr\\\/\",\"name\":\"Servicios de traduccion y interpretacion\",\"description\":\"\",\"publisher\":{\"@id\":\"https:\\\/\\\/www.babel2000.es\\\/fr\\\/#organization\"},\"potentialAction\":[{\"@type\":\"SearchAction\",\"target\":{\"@type\":\"EntryPoint\",\"urlTemplate\":\"https:\\\/\\\/www.babel2000.es\\\/fr\\\/?s={search_term_string}\"},\"query-input\":{\"@type\":\"PropertyValueSpecification\",\"valueRequired\":true,\"valueName\":\"search_term_string\"}}],\"inLanguage\":\"fr-FR\"},{\"@type\":\"Organization\",\"@id\":\"https:\\\/\\\/www.babel2000.es\\\/fr\\\/#organization\",\"name\":\"Servicios de traduccion y interpretacion\",\"url\":\"https:\\\/\\\/www.babel2000.es\\\/fr\\\/\",\"logo\":{\"@type\":\"ImageObject\",\"inLanguage\":\"fr-FR\",\"@id\":\"https:\\\/\\\/www.babel2000.es\\\/fr\\\/#\\\/schema\\\/logo\\\/image\\\/\",\"url\":\"https:\\\/\\\/www.babel2000.es\\\/wp-content\\\/uploads\\\/2023\\\/09\\\/logo2.png\",\"contentUrl\":\"https:\\\/\\\/www.babel2000.es\\\/wp-content\\\/uploads\\\/2023\\\/09\\\/logo2.png\",\"width\":379,\"height\":100,\"caption\":\"Servicios de traduccion y interpretacion\"},\"image\":{\"@id\":\"https:\\\/\\\/www.babel2000.es\\\/fr\\\/#\\\/schema\\\/logo\\\/image\\\/\"}}]}<\/script>\n<!-- \/ Yoast SEO plugin. -->","yoast_head_json":{"title":"Traduction simultan\u00e9e pour les \u00e9v\u00e9nements - BABEL 2000 SA","description":"Traduction Simultan\u00e9e pour \u00c9v\u00e9nements L'exp\u00e9rience et la technologie au service de votre \u00e9v\u00e9nement international. Entrez en contact avec votre public mondial !","robots":{"index":"index","follow":"follow","max-snippet":"max-snippet:-1","max-image-preview":"max-image-preview:large","max-video-preview":"max-video-preview:-1"},"canonical":"https:\/\/www.babel2000.es\/fr\/traduction-simultanee-pour-les-evenements\/","og_locale":"fr_FR","og_type":"article","og_title":"Traduction simultan\u00e9e pour les \u00e9v\u00e9nements - BABEL 2000 SA","og_description":"Traduction Simultan\u00e9e pour \u00c9v\u00e9nements L'exp\u00e9rience et la technologie au service de votre \u00e9v\u00e9nement international. Entrez en contact avec votre public mondial !","og_url":"https:\/\/www.babel2000.es\/fr\/traduction-simultanee-pour-les-evenements\/","og_site_name":"BABEL 2000 SA","article_modified_time":"2023-12-23T10:51:28+00:00","twitter_card":"summary_large_image","twitter_misc":{"Dur\u00e9e de lecture estim\u00e9e":"2 minutes"},"schema":{"@context":"https:\/\/schema.org","@graph":[{"@type":"WebPage","@id":"https:\/\/www.babel2000.es\/fr\/traduction-simultanee-pour-les-evenements\/","url":"https:\/\/www.babel2000.es\/fr\/traduction-simultanee-pour-les-evenements\/","name":"Traduction simultan\u00e9e pour les \u00e9v\u00e9nements - BABEL 2000 SA","isPartOf":{"@id":"https:\/\/www.babel2000.es\/fr\/#website"},"datePublished":"2023-09-28T12:01:08+00:00","dateModified":"2023-12-23T10:51:28+00:00","description":"Traduction Simultan\u00e9e pour \u00c9v\u00e9nements L'exp\u00e9rience et la technologie au service de votre \u00e9v\u00e9nement international. Entrez en contact avec votre public mondial !","breadcrumb":{"@id":"https:\/\/www.babel2000.es\/fr\/traduction-simultanee-pour-les-evenements\/#breadcrumb"},"inLanguage":"fr-FR","potentialAction":[{"@type":"ReadAction","target":["https:\/\/www.babel2000.es\/fr\/traduction-simultanee-pour-les-evenements\/"]}]},{"@type":"BreadcrumbList","@id":"https:\/\/www.babel2000.es\/fr\/traduction-simultanee-pour-les-evenements\/#breadcrumb","itemListElement":[{"@type":"ListItem","position":1,"name":"Portada","item":"https:\/\/www.babel2000.es\/fr\/accueil\/"},{"@type":"ListItem","position":2,"name":"Traduction simultan\u00e9e pour les \u00e9v\u00e9nements"}]},{"@type":"WebSite","@id":"https:\/\/www.babel2000.es\/fr\/#website","url":"https:\/\/www.babel2000.es\/fr\/","name":"Servicios de traduccion y interpretacion","description":"","publisher":{"@id":"https:\/\/www.babel2000.es\/fr\/#organization"},"potentialAction":[{"@type":"SearchAction","target":{"@type":"EntryPoint","urlTemplate":"https:\/\/www.babel2000.es\/fr\/?s={search_term_string}"},"query-input":{"@type":"PropertyValueSpecification","valueRequired":true,"valueName":"search_term_string"}}],"inLanguage":"fr-FR"},{"@type":"Organization","@id":"https:\/\/www.babel2000.es\/fr\/#organization","name":"Servicios de traduccion y interpretacion","url":"https:\/\/www.babel2000.es\/fr\/","logo":{"@type":"ImageObject","inLanguage":"fr-FR","@id":"https:\/\/www.babel2000.es\/fr\/#\/schema\/logo\/image\/","url":"https:\/\/www.babel2000.es\/wp-content\/uploads\/2023\/09\/logo2.png","contentUrl":"https:\/\/www.babel2000.es\/wp-content\/uploads\/2023\/09\/logo2.png","width":379,"height":100,"caption":"Servicios de traduccion y interpretacion"},"image":{"@id":"https:\/\/www.babel2000.es\/fr\/#\/schema\/logo\/image\/"}}]}},"_links":{"self":[{"href":"https:\/\/www.babel2000.es\/fr\/wp-json\/wp\/v2\/pages\/1723","targetHints":{"allow":["GET"]}}],"collection":[{"href":"https:\/\/www.babel2000.es\/fr\/wp-json\/wp\/v2\/pages"}],"about":[{"href":"https:\/\/www.babel2000.es\/fr\/wp-json\/wp\/v2\/types\/page"}],"author":[{"embeddable":true,"href":"https:\/\/www.babel2000.es\/fr\/wp-json\/wp\/v2\/users\/2"}],"replies":[{"embeddable":true,"href":"https:\/\/www.babel2000.es\/fr\/wp-json\/wp\/v2\/comments?post=1723"}],"version-history":[{"count":3,"href":"https:\/\/www.babel2000.es\/fr\/wp-json\/wp\/v2\/pages\/1723\/revisions"}],"predecessor-version":[{"id":1726,"href":"https:\/\/www.babel2000.es\/fr\/wp-json\/wp\/v2\/pages\/1723\/revisions\/1726"}],"wp:attachment":[{"href":"https:\/\/www.babel2000.es\/fr\/wp-json\/wp\/v2\/media?parent=1723"}],"curies":[{"name":"wp","href":"https:\/\/api.w.org\/{rel}","templated":true}]}}